{"id":41,"date":"2024-10-31T19:51:09","date_gmt":"2024-10-31T18:51:09","guid":{"rendered":"http:\/\/lemarcc.cluster029.hosting.ovh.net\/?page_id=41"},"modified":"2025-05-21T10:51:01","modified_gmt":"2025-05-21T08:51:01","slug":"mes-activites","status":"publish","type":"page","link":"https:\/\/lemarcheurdeplumes.fr\/index.php\/mes-activites\/","title":{"rendered":"Mes Activit\u00e9s"},"content":{"rendered":"<section class=\"bde-section-41-219 bde-section\">\n  \n  \n\t\n\n\n\n<div class=\"section-container\"><div class=\"bde-columns-41-220 bde-columns\"><div class=\"bde-column-41-221 bde-column\">\n  \n  \n\t\n\n\n\n<a class=\"bde-container-link-41-222 bde-container-link breakdance-link breakdance-free-version-frontend-element-hider\" href=\"..\/\" target=\"_self\" data-type=\"url\">\n  \n  \n\t\n\n\n\n<div class=\"bde-image-41-223 bde-image\">\n<figure class=\"breakdance-image breakdance-image--443\">\n\t<div class=\"breakdance-image-container\">\n\t\t<div class=\"breakdance-image-clip\"><a class=\"breakdance-image-link breakdance-image-link--url\" href=\"https:\/\/lemarcheurdeplumes.fr\/\" target=\"_self\" rel=\"noopener\" data-sub-html=\"\" data-lg-size=\"-\"><img loading=\"lazy\" decoding=\"async\" class=\"breakdance-image-object\" src=\"https:\/\/lemarcheurdeplumes.fr\/wp-content\/uploads\/2024\/11\/Logo-orange-2000x2500-1-240x300.webp\" width=\"240\" height=\"300\"><\/a><\/div>\n\t<\/div><\/figure>\n\n<\/div>\n\n<\/a><div class=\"bde-social-icons-41-224 bde-social-icons\">\n                  \n            \n            \n\n    \n    \n    \n    \n    \n    <a class=\"breakdance-link bde-social-icons__icon-wrapper bde-social-icons__icon-facebook\" href=\"https:\/\/www.facebook.com\/profile.php?id=100092633101895\" target=\"_self\" data-type=\"url\" aria-label=\"facebook\" >\n\n             <svg xmlns=\"http:\/\/www.w3.org\/2000\/svg\" width=\"100%\" viewBox=\"0 0 24 24\">\n            <path d=\"M9 8h-3v4h3v12h5v-12h3.642l.358-4h-4v-1.667c0-.955.192-1.333 1.115-1.333h2.885v-5h-3.808c-3.596 0-5.192 1.583-5.192 4.615v3.385z\"\/>\n       <\/svg>\n              <\/a>\n\n                    \n            \n            \n\n    \n    \n    \n    \n    \n    <a class=\"breakdance-link bde-social-icons__icon-wrapper bde-social-icons__icon-instagram\" href=\"https:\/\/www.instagram.com\/lemarcheurdeplumes\/\" target=\"_self\" data-type=\"url\" aria-label=\"instagram\" >\n\n             <svg xmlns=\"http:\/\/www.w3.org\/2000\/svg\" width=\"100%\" viewBox=\"0 0 24 24\">\n            <path d=\"M12 2.163c3.204 0 3.584.012 4.85.07 3.252.148 4.771 1.691 4.919 4.919.058 1.265.069 1.645.069 4.849 0 3.205-.012 3.584-.069 4.849-.149 3.225-1.664 4.771-4.919 4.919-1.266.058-1.644.07-4.85.07-3.204 0-3.584-.012-4.849-.07-3.26-.149-4.771-1.699-4.919-4.92-.058-1.265-.07-1.644-.07-4.849 0-3.204.013-3.583.07-4.849.149-3.227 1.664-4.771 4.919-4.919 1.266-.057 1.645-.069 4.849-.069zm0-2.163c-3.259 0-3.667.014-4.947.072-4.358.2-6.78 2.618-6.98 6.98-.059 1.281-.073 1.689-.073 4.948 0 3.259.014 3.668.072 4.948.2 4.358 2.618 6.78 6.98 6.98 1.281.058 1.689.072 4.948.072 3.259 0 3.668-.014 4.948-.072 4.354-.2 6.782-2.618 6.979-6.98.059-1.28.073-1.689.073-4.948 0-3.259-.014-3.667-.072-4.947-.196-4.354-2.617-6.78-6.979-6.98-1.281-.059-1.69-.073-4.949-.073zm0 5.838c-3.403 0-6.162 2.759-6.162 6.162s2.759 6.163 6.162 6.163 6.162-2.759 6.162-6.163c0-3.403-2.759-6.162-6.162-6.162zm0 10.162c-2.209 0-4-1.79-4-4 0-2.209 1.791-4 4-4s4 1.791 4 4c0 2.21-1.791 4-4 4zm6.406-11.845c-.796 0-1.441.645-1.441 1.44s.645 1.44 1.441 1.44c.795 0 1.439-.645 1.439-1.44s-.644-1.44-1.439-1.44z\"\/>\n       <\/svg>\n              <\/a>\n\n                    \n            \n            \n\n    \n    \n    \n    \n    \n    <a class=\"breakdance-link bde-social-icons__icon-wrapper bde-social-icons__icon-youtube\" href=\"https:\/\/www.youtube.com\/channel\/UCxD4DmYl_Ki2aqI4pVMsJeQ?cbrd=1\" target=\"_self\" data-type=\"url\" aria-label=\"youtube\" >\n\n             <svg xmlns=\"http:\/\/www.w3.org\/2000\/svg\" width=\"100%\" viewBox=\"0 0 24 24\">\n            <path d=\"M19.615 3.184c-3.604-.246-11.631-.245-15.23 0-3.897.266-4.356 2.62-4.385 8.816.029 6.185.484 8.549 4.385 8.816 3.6.245 11.626.246 15.23 0 3.897-.266 4.356-2.62 4.385-8.816-.029-6.185-.484-8.549-4.385-8.816zm-10.615 12.816v-8l8 3.993-8 4.007z\"\/>\n       <\/svg>\n              <\/a>\n\n    \n<\/div>\n<\/div><div class=\"bde-column-41-225 bde-column\">\n  \n  \n\t\n\n\n\n<div class=\"bde-text-41-226 bde-text\">\n\n<\/div><a class=\"bde-text-link-41-227 bde-text-link breakdance-link\" href=\"https:\/\/lemarcheurdeplumes.fr\/index.php\/mes-activites\/\" target=\"_self\" data-type=\"url\">\n  Activit\u00e9s\n\n<\/a><a class=\"bde-text-link-41-228 bde-text-link breakdance-link\" href=\"https:\/\/lemarcheurdeplumes.fr\/index.php\/lartiste\/\" target=\"_self\" data-type=\"url\">\n  L'Artiste\n\n<\/a><a class=\"bde-text-link-41-229 bde-text-link breakdance-link\" href=\"https:\/\/lemarcheurdeplumes.fr\/index.php\/librairie\/\" target=\"_self\" data-type=\"url\">\n  Librairie\n\n<\/a>\n<\/div><div class=\"bde-column-41-231 bde-column\">\n  \n  \n\t\n\n\n\n<div class=\"bde-text-41-232 bde-text\">\n\n<\/div><div class=\"bde-text-41-233 bde-text\">\n\"Contempler la beaut\u00e9 du Monde\n<\/div><div class=\"bde-text-41-234 bde-text\">\nPour r\u00e9jouir notre \u00e2me profonde.\"\n<\/div><div class=\"bde-text-41-235 bde-text\">\nLe Marcheur de Plumes\n<\/div>\n<\/div><\/div><div class=\"bde-text-41-236 bde-text\">\n\u00a9 2024 Rapha\u00ebl Barzyk. Tous droits r\u00e9serv\u00e9s.\n<\/div><\/div>\n<\/section><section class=\"bde-section-41-143 bde-section\">\n  \n  \n\t\n\n\n\n<div class=\"section-container\"><h3 class=\"bde-heading-41-145 bde-heading\">\nLes activit\u00e9s du Marcheur de Plumes\n<\/h3><div class=\"bde-text-41-146 bde-text\">\n<b>D\u00e9couvrez tous les tours que j'ai dans mon sac !<\/b>\n<\/div><div class=\"bde-image-box-41-147 bde-image-box bde-image-box-content-padding-only\">\n<div class=\"ee-imagebox-image\">\n  <img loading=\"lazy\" decoding=\"async\" class=\"breakdance-image-object\" src=\"https:\/\/lemarcheurdeplumes.fr\/wp-content\/uploads\/2024\/11\/Tenue-des-bois-a-lecoute-des-lieux-cadree.webp\" width=\"759\" height=\"767\">\n<\/div>\n<div class=\"ee-imagebox-content\">\n      <p class=\"ee-imagebox-title bde-h3\" >Ajouter du r\u00eave, de la magie,<br>et du merveilleux dans sa vie<\/p>\n    \n      <div class=\"ee-imagebox-text\" >Le Marcheur de Plumes est n\u00e9 de l'id\u00e9e de r\u00e9enchanter le Monde. Prenant le contrepied d'une tendance au virtuel, j'ai d\u00e9cid\u00e9 de suivre l'appel du fantastique qui transpara\u00eet tout autour de nous et de partager une vision du Monde constell\u00e9e d'onirisme, de f\u00e9\u00e9rie et de valeurs humaines. Je m'attache \u00e0 montrer la magie qui est \u00e0 l'\u0153uvre sur Terre, pour r\u00e9v\u00e9ler comme notre environnement est merveilleux. Je cr\u00e9e donc mes histoires \u00e0 partir de sagesses et de l\u00e9gendes intemporelles et universelles. J'\u00e9cris sur des domaines qui me passionnent ou en m'inspirant des lieux et des th\u00e8mes que l'on me demande de mettre en lumi\u00e8re. Grand amateur de po\u00e9sie, je compose des po\u00e8mes que je glisse dans mes histoires pour mettre en exergue une r\u00e9flexion ou une finir un conte en apoth\u00e9ose...<\/div>\n    \n  <\/div>\n\n<\/div><div class=\"bde-text-41-200 bde-text\">\n<b>Si l'on peut certes me retrouver sur une sc\u00e8ne, au coin du feu, dans un champ ou une salle pour narrer les histoires de personnages hauts en couleurs et en profondeur, comme mon nom l'indique, j'aime emprunter les sentiers du Monde comme ceux de l'Imaginaire et j'ai \u00e0 c\u0153ur de relier tout ce qui nous entoure au fantastique qui a berc\u00e9 la Terre depuis la Nuit des Temps. Plongeant dans les sagesses et les l\u00e9gendes, je remets au go\u00fbt du jour tout ce qui peut nous inspirer pour aller vers plus d'\u00e9merveillement et de magie. Il ne tient qu'\u00e0 nous de d\u00e9celer les traces que les mythes laissent derri\u00e8re eux.<\/b>\n<\/div><\/div>\n<\/section><section class=\"bde-section-41-148 bde-section\">\n  \n  \n\t\n\n\n\n<div class=\"section-container\"><h2 class=\"bde-heading-41-150 bde-heading\">\nLe Marcheur de Plumes en spectacle\n<\/h2><div class=\"bde-text-41-151 bde-text\">\n<b>L'occasion de laisser la voix et la pr\u00e9sence du conteur vous transporter dans ses r\u00e9cits et son univers<\/b>\n<\/div><div class=\"bde-columns-41-152 bde-columns\"><div class=\"bde-column-41-153 bde-column\">\n  \n  \n\t\n\n\n\n<div class=\"bde-image-box-41-154 bde-image-box\">\n<div class=\"ee-imagebox-image\">\n  <img loading=\"lazy\" decoding=\"async\" class=\"breakdance-image-object\" src=\"https:\/\/lemarcheurdeplumes.fr\/wp-content\/uploads\/2024\/11\/Nuits-des-Etoiles-Cailhavel-scaled.webp\" width=\"2560\" height=\"1702\" srcset=\"https:\/\/lemarcheurdeplumes.fr\/wp-content\/uploads\/2024\/11\/Nuits-des-Etoiles-Cailhavel-scaled.webp 2560w, https:\/\/lemarcheurdeplumes.fr\/wp-content\/uploads\/2024\/11\/Nuits-des-Etoiles-Cailhavel-300x199.webp 300w, https:\/\/lemarcheurdeplumes.fr\/wp-content\/uploads\/2024\/11\/Nuits-des-Etoiles-Cailhavel-1024x681.webp 1024w, https:\/\/lemarcheurdeplumes.fr\/wp-content\/uploads\/2024\/11\/Nuits-des-Etoiles-Cailhavel-768x511.webp 768w, https:\/\/lemarcheurdeplumes.fr\/wp-content\/uploads\/2024\/11\/Nuits-des-Etoiles-Cailhavel-1536x1021.webp 1536w, https:\/\/lemarcheurdeplumes.fr\/wp-content\/uploads\/2024\/11\/Nuits-des-Etoiles-Cailhavel-2048x1362.webp 2048w, https:\/\/lemarcheurdeplumes.fr\/wp-content\/uploads\/2024\/11\/Nuits-des-Etoiles-Cailhavel-600x399.webp 600w\" sizes=\"auto, (max-width: 2560px) 100vw, 2560px\">\n<\/div>\n<div class=\"ee-imagebox-content\">\n      <p class=\"ee-imagebox-title bde-h3\" ><span style=\"font-weight: normal;\">Spectacles de Contes<\/span><\/p>\n    \n      <div class=\"ee-imagebox-text\" >Pour voyager sans se d\u00e9placer, <i>Le Marcheur de Plumes<\/i>\u00a0vous transporte avec ses histoires au quatre coins du monde. Sous les \u00e9toiles, au grand air, aupr\u00e8s du feu... tous les lieux se pr\u00eatent aux contes ! Pr\u00e9parez vos oreilles et votre imagination pour un moment inoubliable de r\u00e9cits captivants et inspirants !<\/div>\n    \n  <\/div>\n\n<\/div>\n<\/div><div class=\"bde-column-41-155 bde-column\">\n  \n  \n\t\n\n\n\n<div class=\"bde-image-box-41-156 bde-image-box\">\n<div class=\"ee-imagebox-image\">\n  <img loading=\"lazy\" decoding=\"async\" class=\"breakdance-image-object\" src=\"https:\/\/lemarcheurdeplumes.fr\/wp-content\/uploads\/2024\/11\/Trou-de-la-Cite-visages-floutes-scaled.webp\" width=\"2560\" height=\"1920\" srcset=\"https:\/\/lemarcheurdeplumes.fr\/wp-content\/uploads\/2024\/11\/Trou-de-la-Cite-visages-floutes-scaled.webp 2560w, https:\/\/lemarcheurdeplumes.fr\/wp-content\/uploads\/2024\/11\/Trou-de-la-Cite-visages-floutes-300x225.webp 300w, https:\/\/lemarcheurdeplumes.fr\/wp-content\/uploads\/2024\/11\/Trou-de-la-Cite-visages-floutes-1024x768.webp 1024w, https:\/\/lemarcheurdeplumes.fr\/wp-content\/uploads\/2024\/11\/Trou-de-la-Cite-visages-floutes-768x576.webp 768w, https:\/\/lemarcheurdeplumes.fr\/wp-content\/uploads\/2024\/11\/Trou-de-la-Cite-visages-floutes-1536x1152.webp 1536w, https:\/\/lemarcheurdeplumes.fr\/wp-content\/uploads\/2024\/11\/Trou-de-la-Cite-visages-floutes-2048x1536.webp 2048w, https:\/\/lemarcheurdeplumes.fr\/wp-content\/uploads\/2024\/11\/Trou-de-la-Cite-visages-floutes-600x450.webp 600w\" sizes=\"auto, (max-width: 2560px) 100vw, 2560px\">\n<\/div>\n<div class=\"ee-imagebox-content\">\n      <p class=\"ee-imagebox-title bde-h3\" ><span style=\"font-weight: normal;\">Balades et Visites cont\u00e9es<\/span><\/p>\n    \n      <div class=\"ee-imagebox-text\" >Les contes invitent au voyage, et la balade inspire des r\u00e9cits. Prenez l'air et d\u00e9couvrez des lieux enchanteurs en \u00e9coutant Rapha\u00ebl vous plonger dans leurs histoires qui vous feront voir le monde sous un nouvel angle, celui du merveilleux !<\/div>\n    \n  <\/div>\n\n<\/div>\n<\/div><\/div><div class=\"bde-div-41-301 bde-div\">\n  \n  \n\t\n\n\n\n<div class=\"bde-button-41-302 bde-button\">\n    \n                        \n                        \n    \n    \n    \n    \n            \n                    \n            \n            \n\n    \n    \n    \n    \n    \n    <a class=\"breakdance-link button-atom button-atom--custom bde-button__button\" href=\"https:\/\/www.facebook.com\/profile.php?id=100092633101895\" target=\"_self\" data-type=\"url\"  >\n\n    \n        <span class=\"button-atom__text\">Je suis les actualit\u00e9s<\/span>\n\n        \n        \n                <\/a>\n\n    \n\n\n<\/div><div class=\"bde-button-41-303 bde-button\">\n    \n                        \n                        \n    \n    \n    \n    \n            \n                    \n            \n            \n\n    \n    \n    \n    \n    \n    <a class=\"breakdance-link button-atom button-atom--custom bde-button__button\" href=\"https:\/\/lemarcheurdeplumes.fr\/index.php\/contact\/\" target=\"_self\" data-type=\"url\"  >\n\n    \n        <span class=\"button-atom__text\">Je souhaite organiser un spectacle<\/span>\n\n        \n        \n                <\/a>\n\n    \n\n\n<\/div>\n<\/div><\/div>\n<\/section><section class=\"bde-section-41-159 bde-section\">\n  \n  \n\t\n\n\n\n<div class=\"section-container\"><h2 class=\"bde-heading-41-161 bde-heading\">\nLe Marcheur de Plumes en atelier\n<\/h2><div class=\"bde-text-41-162 bde-text\">\n<b>Des occasions d'orner et d'agr\u00e9menter la d\u00e9couverte et l'apprentissage de ce qui touche \u00e0 l'\u00e9crit.<\/b>\n<\/div><div class=\"bde-columns-41-163 bde-columns\"><div class=\"bde-column-41-164 bde-column\">\n  \n  \n\t\n\n\n\n<div class=\"bde-image-box-41-188 bde-image-box\">\n<div class=\"ee-imagebox-image\">\n  <img loading=\"lazy\" decoding=\"async\" class=\"breakdance-image-object\" src=\"https:\/\/lemarcheurdeplumes.fr\/wp-content\/uploads\/2024\/11\/Fin-decriture-768x1024.webp\" width=\"768\" height=\"1024\" srcset=\"https:\/\/lemarcheurdeplumes.fr\/wp-content\/uploads\/2024\/11\/Fin-decriture-768x1024.webp 768w, https:\/\/lemarcheurdeplumes.fr\/wp-content\/uploads\/2024\/11\/Fin-decriture-225x300.webp 225w, https:\/\/lemarcheurdeplumes.fr\/wp-content\/uploads\/2024\/11\/Fin-decriture-600x800.webp 600w\" sizes=\"auto, (max-width: 768px) 100vw, 768px\">\n<\/div>\n<div class=\"ee-imagebox-content\">\n      <p class=\"ee-imagebox-title bde-h3\" >\u00c9criture<\/p>\n    \n      <div class=\"ee-imagebox-text\" >Trouver les mots, mettre des mots sur ce que l'on pense... il y a tellement de choses \u00e0 faire avec les mots ! M\u00eame s'amuser ! Car \u00e9crire n'est pas un fardeau. Rapha\u00ebl vous partagera son exp\u00e9rience ou vous r\u00e9jouira avec des jeux d'\u00e9criture pour un moment d\u00e9licieux !<\/div>\n    \n  <\/div>\n\n<\/div><div class=\"bde-image-box-41-169 bde-image-box\">\n<div class=\"ee-imagebox-image\">\n  <img loading=\"lazy\" decoding=\"async\" class=\"breakdance-image-object\" src=\"https:\/\/lemarcheurdeplumes.fr\/wp-content\/uploads\/2024\/11\/Majuscules-calligraphie-768x1024.webp\" width=\"768\" height=\"1024\">\n<\/div>\n<div class=\"ee-imagebox-content\">\n      <p class=\"ee-imagebox-title bde-h3\" >Calligraphie<\/p>\n    \n      <div class=\"ee-imagebox-text\" >Envie d'immortaliser un texte en belle \u00e9criture ? Envie d'apprendre \u00e0 tracer de belles lettres \"comme autrefois\" ? Rapha\u00ebl prendra la plume et r\u00e9pondra \u00e0 votre souhait !<\/div>\n    \n  <\/div>\n\n<\/div>\n<\/div><div class=\"bde-column-41-166 bde-column\">\n  \n  \n\t\n\n\n\n<div class=\"bde-image-box-41-167 bde-image-box\">\n<div class=\"ee-imagebox-image\">\n  <img loading=\"lazy\" decoding=\"async\" class=\"breakdance-image-object\" src=\"https:\/\/lemarcheurdeplumes.fr\/wp-content\/uploads\/2024\/11\/Johannes-Gutenberg-centre-et-floute-propre-768x892.webp\" width=\"768\" height=\"892\" srcset=\"https:\/\/lemarcheurdeplumes.fr\/wp-content\/uploads\/2024\/11\/Johannes-Gutenberg-centre-et-floute-propre-768x892.webp 768w, https:\/\/lemarcheurdeplumes.fr\/wp-content\/uploads\/2024\/11\/Johannes-Gutenberg-centre-et-floute-propre-258x300.webp 258w, https:\/\/lemarcheurdeplumes.fr\/wp-content\/uploads\/2024\/11\/Johannes-Gutenberg-centre-et-floute-propre-882x1024.webp 882w, https:\/\/lemarcheurdeplumes.fr\/wp-content\/uploads\/2024\/11\/Johannes-Gutenberg-centre-et-floute-propre-600x697.webp 600w\" sizes=\"auto, (max-width: 768px) 100vw, 768px\">\n<\/div>\n<div class=\"ee-imagebox-content\">\n      <p class=\"ee-imagebox-title bde-h3\" >H\u00f4te d'animation<\/p>\n    \n      <div class=\"ee-imagebox-text\" >Vous accueillez du public pour un \u00e9v\u00e9nement ? Vous souhaitez mettre en valeur l'exp\u00e9rience des visiteurs ? Demandez donc \u00e0 Rapha\u00ebl de cr\u00e9er une histoire et un personnage pour donner un \u00e9clat particulier \u00e0 votre \u00e9v\u00e9nement. Que se soit pour accueillir et mettre le public dans l'ambiance ou pour intervenir au moment voulu, sa pr\u00e9sence marquera les esprits !<\/div>\n    \n  <\/div>\n\n<\/div><div class=\"bde-image-box-41-165 bde-image-box\">\n<div class=\"ee-imagebox-image\">\n  <img loading=\"lazy\" decoding=\"async\" class=\"breakdance-image-object\" src=\"https:\/\/lemarcheurdeplumes.fr\/wp-content\/uploads\/2024\/11\/Livre-lecture-768x582.webp\" width=\"768\" height=\"582\" srcset=\"https:\/\/lemarcheurdeplumes.fr\/wp-content\/uploads\/2024\/11\/Livre-lecture-768x582.webp 768w, https:\/\/lemarcheurdeplumes.fr\/wp-content\/uploads\/2024\/11\/Livre-lecture-300x227.webp 300w, https:\/\/lemarcheurdeplumes.fr\/wp-content\/uploads\/2024\/11\/Livre-lecture-600x455.webp 600w\" sizes=\"auto, (max-width: 768px) 100vw, 768px\">\n<\/div>\n<div class=\"ee-imagebox-content\">\n      <p class=\"ee-imagebox-title bde-h3\" >Lecture<\/p>\n    \n      <div class=\"ee-imagebox-text\" >Parce que le langage \u00e9crit a son importance, Rapha\u00ebl met ses talents et son exp\u00e9rience dans l'art de la parole au service de la litt\u00e9rature. Pour d\u00e9couvrir un auteur, un livre ou pour l'entendre dans un ton qui mettra en beaut\u00e9 la profondeur du texte, le Marcheur de Plumes est l\u00e0 pour vous !<\/div>\n    \n  <\/div>\n\n<\/div>\n<\/div><\/div><div class=\"bde-columns-41-290 bde-columns\"><div class=\"bde-column-41-292 bde-column\">\n  \n  \n\t\n\n\n\n<div class=\"bde-div-41-298 bde-div\">\n  \n  \n\t\n\n\n\n<div class=\"bde-button-41-304 bde-button\">\n    \n                        \n                        \n    \n    \n    \n    \n            \n                    \n            \n            \n\n    \n    \n    \n    \n    \n    <a class=\"breakdance-link button-atom button-atom--custom bde-button__button\" href=\"https:\/\/lemarcheurdeplumes.fr\/index.php\/contact\/\" target=\"_self\" data-type=\"url\"  >\n\n    \n        <span class=\"button-atom__text\">Je souhaite organiser un atelier<\/span>\n\n        \n        \n                <\/a>\n\n    \n\n\n<\/div><div class=\"bde-button-41-288 bde-button\">\n    \n                        \n                        \n    \n    \n    \n    \n            \n                    \n            \n            \n\n    \n    \n    \n    \n    \n    <a class=\"breakdance-link button-atom button-atom--custom bde-button__button\" href=\"https:\/\/www.facebook.com\/profile.php?id=100092633101895\" target=\"_self\" data-type=\"url\"  >\n\n    \n        <span class=\"button-atom__text\">Je suis les actualit\u00e9s<\/span>\n\n        \n        \n                <\/a>\n\n    \n\n\n<\/div><div class=\"bde-button-41-289 bde-button\">\n    \n                        \n                        \n    \n    \n    \n    \n            \n                    \n            \n            \n\n    \n    \n    \n    \n    \n    <a class=\"breakdance-link button-atom button-atom--custom bde-button__button\" href=\"https:\/\/lemarcheurdeplumes.fr\/index.php\/contact\/\" target=\"_self\" data-type=\"url\"  >\n\n    \n        <span class=\"button-atom__text\">Je commande un texte<\/span>\n\n        \n        \n                <\/a>\n\n    \n\n\n<\/div>\n<\/div>\n<\/div><\/div><\/div>\n<\/section>","protected":false},"excerpt":{"rendered":"<p>Activit\u00e9s L&rsquo;Artiste Librairie \u00ab\u00a0Contempler la beaut\u00e9 du Monde Pour r\u00e9jouir notre \u00e2me profonde.\u00a0\u00bb Le Marcheur de Plumes \u00a9 2024 Rapha\u00ebl Barzyk. Tous droits r\u00e9serv\u00e9s. Les activit\u00e9s du Marcheur de Plumes D\u00e9couvrez tous les tours que j&rsquo;ai dans mon sac ! Ajouter du r\u00eave, de la magie,et du merveilleux dans sa vie Le Marcheur de Plumes [&hellip;]<\/p>\n","protected":false},"author":1,"featured_media":0,"parent":0,"menu_order":0,"comment_status":"closed","ping_status":"closed","template":"","meta":{"_breakdance_hide_in_design_set":false,"_breakdance_tags":"","footnotes":""},"class_list":["post-41","page","type-page","status-publish","hentry"],"_links":{"self":[{"href":"https:\/\/lemarcheurdeplumes.fr\/index.php\/wp-json\/wp\/v2\/pages\/41","targetHints":{"allow":["GET"]}}],"collection":[{"href":"https:\/\/lemarcheurdeplumes.fr\/index.php\/wp-json\/wp\/v2\/pages"}],"about":[{"href":"https:\/\/lemarcheurdeplumes.fr\/index.php\/wp-json\/wp\/v2\/types\/page"}],"author":[{"embeddable":true,"href":"https:\/\/lemarcheurdeplumes.fr\/index.php\/wp-json\/wp\/v2\/users\/1"}],"replies":[{"embeddable":true,"href":"https:\/\/lemarcheurdeplumes.fr\/index.php\/wp-json\/wp\/v2\/comments?post=41"}],"version-history":[{"count":65,"href":"https:\/\/lemarcheurdeplumes.fr\/index.php\/wp-json\/wp\/v2\/pages\/41\/revisions"}],"predecessor-version":[{"id":582,"href":"https:\/\/lemarcheurdeplumes.fr\/index.php\/wp-json\/wp\/v2\/pages\/41\/revisions\/582"}],"wp:attachment":[{"href":"https:\/\/lemarcheurdeplumes.fr\/index.php\/wp-json\/wp\/v2\/media?parent=41"}],"curies":[{"name":"wp","href":"https:\/\/api.w.org\/{rel}","templated":true}]}}